{"id":535,"date":"2023-11-21T17:03:23","date_gmt":"2023-11-21T16:03:23","guid":{"rendered":"https:\/\/christusgemeinde-bo-nord.de\/?page_id=535"},"modified":"2025-04-02T12:36:48","modified_gmt":"2025-04-02T10:36:48","slug":"ueber-uns","status":"publish","type":"page","link":"https:\/\/christusgemeinde-bo-nord.de\/ru\/ueber-uns\/","title":{"rendered":"\u041e \u043d\u0430\u0441"},"content":{"rendered":"<div data-elementor-type=\"wp-page\" data-elementor-id=\"535\" class=\"elementor elementor-535\" data-elementor-post-type=\"page\">\n\t\t\t\t\t\t<section class=\"elementor-section elementor-top-section elementor-element elementor-element-912cf57 elementor-section-boxed elementor-section-height-default elementor-section-height-default\" data-id=\"912cf57\" data-element_type=\"section\" data-settings=\"{&quot;background_background&quot;:&quot;classic&quot;}\">\n\t\t\t\t\t\t\t<div class=\"elementor-background-overlay\"><\/div>\n\t\t\t\t\t\t\t<div class=\"elementor-container elementor-column-gap-default\">\n\t\t\t\t\t<div class=\"elementor-column elementor-col-100 elementor-top-column elementor-element elementor-element-ec7859f\" data-id=\"ec7859f\" data-element_type=\"column\">\n\t\t\t<div class=\"elementor-widget-wrap elementor-element-populated\">\n\t\t\t\t\t\t<div class=\"elementor-element elementor-element-5df1d81 elementor-widget elementor-widget-heading\" data-id=\"5df1d81\" data-element_type=\"widget\" data-widget_type=\"heading.default\">\n\t\t\t\t<div class=\"elementor-widget-container\">\n\t\t\t\t\t<h2 class=\"elementor-heading-title elementor-size-default\">\u041e \u043d\u0430\u0441<\/h2>\t\t\t\t<\/div>\n\t\t\t\t<\/div>\n\t\t\t\t\t<\/div>\n\t\t<\/div>\n\t\t\t\t\t<\/div>\n\t\t<\/section>\n\t\t\t\t<section class=\"elementor-section elementor-top-section elementor-element elementor-element-eedcd2c elementor-section-boxed elementor-section-height-default elementor-section-height-default\" data-id=\"eedcd2c\" data-element_type=\"section\">\n\t\t\t\t\t\t<div class=\"elementor-container elementor-column-gap-default\">\n\t\t\t\t\t<div class=\"elementor-column elementor-col-100 elementor-top-column elementor-element elementor-element-8974bcd\" data-id=\"8974bcd\" data-element_type=\"column\">\n\t\t\t<div class=\"elementor-widget-wrap elementor-element-populated\">\n\t\t\t\t\t\t<div class=\"elementor-element elementor-element-03d8f7a elementor-widget elementor-widget-heading\" data-id=\"03d8f7a\" data-element_type=\"widget\" data-widget_type=\"heading.default\">\n\t\t\t\t<div class=\"elementor-widget-container\">\n\t\t\t\t\t<h2 class=\"elementor-heading-title elementor-size-default\">\u041a\u0442\u043e \u043c\u044b<\/h2>\t\t\t\t<\/div>\n\t\t\t\t<\/div>\n\t\t\t\t<div class=\"elementor-element elementor-element-1844d8d elementor-widget elementor-widget-text-editor\" data-id=\"1844d8d\" data-element_type=\"widget\" data-widget_type=\"text-editor.default\">\n\t\t\t\t<div class=\"elementor-widget-container\">\n\t\t\t\t\t\t\t\t\t<p class=\"translation-block\">\u041c\u044b - \u0426\u0435\u0440\u043a\u043e\u0432\u044c \u0421\u043b\u043e\u0432\u0430 \u0411\u043e\u0436\u044c\u0435\u0433\u043e \u0432 \u0411\u043e\u0445\u0443\u043c\u0435!<\/p><p><strong>\u041c\u044b - \u0446\u0435\u0440\u043a\u043e\u0432\u044c \u0434\u043b\u044f \u0432\u0441\u0435\u0439 \u0441\u0435\u043c\u044c\u0438.\u00a0<\/strong><\/p><p><span data-contrast=\"none\">\u041c\u044b \u044f\u0432\u043b\u044f\u0435\u043c\u0441\u044f \u0435\u0432\u0430\u043d\u0433\u0435\u043b\u044c\u0441\u043a\u043e\u0439 \u043f\u044f\u0442\u0438\u0434\u0435\u0441\u044f\u0442\u043d\u0438\u0447\u0435\u0441\u043a\u043e\u0439 \u0441\u0432\u043e\u0431\u043e\u0434\u043d\u043e\u0439 \u0446\u0435\u0440\u043a\u043e\u0432\u044c\u044e \u043d\u0430 \u0431\u0438\u0431\u043b\u0435\u0439\u0441\u043a\u043e\u0439 \u043e\u0441\u043d\u043e\u0432\u0435. \u041c\u044b \u0432\u043c\u0435\u0441\u0442\u0435 \u043f\u0440\u0430\u0437\u0434\u043d\u0443\u0435\u043c \u043d\u0430\u0448\u0443 \u0432\u0435\u0440\u0443 \u0432 \u0411\u043e\u0433\u0430, \u0432\u043d\u0435\u0434\u0440\u044f\u0435\u043c \u0435\u0435 \u0432 \u043f\u043e\u0432\u0441\u0435\u0434\u043d\u0435\u0432\u043d\u0443\u044e \u0436\u0438\u0437\u043d\u044c \u0438 \u0436\u0438\u0432\u0435\u043c \u0434\u0440\u0443\u0436\u0435\u0441\u043a\u0438\u043c\u0438 \u043e\u0442\u043d\u043e\u0448\u0435\u043d\u0438\u044f\u043c\u0438.<\/span>\u00a0<\/p><p class=\"translation-block\">\u041c\u044b \u044f\u0432\u043b\u044f\u0435\u043c\u0441\u044f \u043d\u0435\u043c\u0435\u0446\u043a\u043e-\u0440\u0443\u0441\u0441\u043a\u043e\u044f\u0437\u044b\u0447\u043d\u043e\u0439 \u043e\u0431\u0449\u0438\u043d\u043e\u0439.<\/p><p><span data-contrast=\"none\">Wir sind unter &#8222;Gemeinschaft Freier Christusgemeinden&#8220; als eingetragener Verein konstituiert und geh\u00f6ren zum <\/span><a href=\"https:\/\/www.bfp.de\/de\/\"><span data-contrast=\"auto\">Bund Freikirchlicher Pfingstgemeinden (Kd\u00f6R)<\/span><\/a><span data-contrast=\"none\">.<\/span>\u00a0<\/p>\t\t\t\t\t\t\t\t<\/div>\n\t\t\t\t<\/div>\n\t\t\t\t<div class=\"elementor-element elementor-element-169b135 elementor-widget elementor-widget-spacer\" data-id=\"169b135\" data-element_type=\"widget\" data-widget_type=\"spacer.default\">\n\t\t\t\t<div class=\"elementor-widget-container\">\n\t\t\t\t\t\t\t<div class=\"elementor-spacer\">\n\t\t\t<div class=\"elementor-spacer-inner\"><\/div>\n\t\t<\/div>\n\t\t\t\t\t\t<\/div>\n\t\t\t\t<\/div>\n\t\t\t\t\t<\/div>\n\t\t<\/div>\n\t\t\t\t\t<\/div>\n\t\t<\/section>\n\t\t\t\t<section class=\"elementor-section elementor-top-section elementor-element elementor-element-d58e318 elementor-section-boxed elementor-section-height-default elementor-section-height-default\" data-id=\"d58e318\" data-element_type=\"section\">\n\t\t\t\t\t\t<div class=\"elementor-container elementor-column-gap-default\">\n\t\t\t\t\t<div class=\"elementor-column elementor-col-100 elementor-top-column elementor-element elementor-element-e35c63f\" data-id=\"e35c63f\" data-element_type=\"column\">\n\t\t\t<div class=\"elementor-widget-wrap elementor-element-populated\">\n\t\t\t\t\t\t<div class=\"elementor-element elementor-element-db4e36f elementor-widget elementor-widget-heading\" data-id=\"db4e36f\" data-element_type=\"widget\" data-widget_type=\"heading.default\">\n\t\t\t\t<div class=\"elementor-widget-container\">\n\t\t\t\t\t<h2 class=\"elementor-heading-title elementor-size-default\">Was wir glauben<\/h2>\t\t\t\t<\/div>\n\t\t\t\t<\/div>\n\t\t\t\t<div class=\"elementor-element elementor-element-89dd407 elementor-widget elementor-widget-text-editor\" data-id=\"89dd407\" data-element_type=\"widget\" data-widget_type=\"text-editor.default\">\n\t\t\t\t<div class=\"elementor-widget-container\">\n\t\t\t\t\t\t\t\t\t<p><strong>Wir glauben<\/strong> an die g\u00f6ttliche Inspiration der Bibel. Das unfehlbare Wort Gottes ist uns im Kanon der 66 B\u00fccher \u00fcberliefert worden. Die Bibel ist die absolute und h\u00f6chste Quelle und Autorit\u00e4t in Fragen des Glaubens und des Lebens.<\/p>\t\t\t\t\t\t\t\t<\/div>\n\t\t\t\t<\/div>\n\t\t\t\t<div class=\"elementor-element elementor-element-c4b3946 elementor-widget elementor-widget-text-editor\" data-id=\"c4b3946\" data-element_type=\"widget\" data-widget_type=\"text-editor.default\">\n\t\t\t\t<div class=\"elementor-widget-container\">\n\t\t\t\t\t\t\t\t\t<p><strong>Wir glauben<\/strong>, dass es nur einen ewigen, allm\u00e4chtigen und vollkommenen Gott gibt \u2013 ein Gott, der ewig in drei Personen verweilt: Vater, Sohn und Heiliger Geist. Gott ist der Sch\u00f6pfer der sichtbaren und unsichtbaren Welten.<\/p>\t\t\t\t\t\t\t\t<\/div>\n\t\t\t\t<\/div>\n\t\t\t\t<div class=\"elementor-element elementor-element-348f7a0 elementor-widget elementor-widget-text-editor\" data-id=\"348f7a0\" data-element_type=\"widget\" data-widget_type=\"text-editor.default\">\n\t\t\t\t<div class=\"elementor-widget-container\">\n\t\t\t\t\t\t\t\t\t<p><strong>Wir glauben<\/strong>, dass Jesus Christus, der Sohn Gottes, vom Heiligen Geist empfangen und von der Jungfrau Maria geboren wurde. Er ist wahrer Gott und wahrer Mensch. Er ist der Einzige, der keine S\u00fcnde begangen hat.<\/p>\t\t\t\t\t\t\t\t<\/div>\n\t\t\t\t<\/div>\n\t\t\t\t<div class=\"elementor-element elementor-element-9056887 elementor-widget elementor-widget-text-editor\" data-id=\"9056887\" data-element_type=\"widget\" data-widget_type=\"text-editor.default\">\n\t\t\t\t<div class=\"elementor-widget-container\">\n\t\t\t\t\t\t\t\t\t<p><strong>Wir glauben<\/strong>, dass der Mensch von Gott mit einem freien Willen ausgestattet wurde, sodass der S\u00fcndenfall der ersten Menschen eine freiwillige Entscheidung war. Deshalb ist der Zorn Gottes vollkommen gerecht und begr\u00fcndet. Der S\u00fcndenfall des Menschen verursachte eine Ver\u00e4nderung der menschlichen Natur &#8211; der Mensch starb f\u00fcr Gott und wurde der S\u00fcnde lebendig.<\/p>\t\t\t\t\t\t\t\t<\/div>\n\t\t\t\t<\/div>\n\t\t\t\t<div class=\"elementor-element elementor-element-88f4f7b elementor-widget elementor-widget-text-editor\" data-id=\"88f4f7b\" data-element_type=\"widget\" data-widget_type=\"text-editor.default\">\n\t\t\t\t<div class=\"elementor-widget-container\">\n\t\t\t\t\t\t\t\t\t<p><strong>Wir glauben<\/strong> an das S\u00fchneopfer Jesu Christi, der, indem Er stellvertretend f\u00fcr den s\u00fcndigen Menschen den Tod am Kreuz auf sich nahm, diesen f\u00fcr immer vor dem Gericht Gottes rechtfertigte und ihn vor dem ewigen Verderben bewahrte. Der Mensch wird allein durch den Glauben an Jesus Christus als pers\u00f6nlichen Herrn und Retter von der S\u00fcnde erl\u00f6st und auf ewig errettet.<\/p>\t\t\t\t\t\t\t\t<\/div>\n\t\t\t\t<\/div>\n\t\t\t\t<div class=\"elementor-element elementor-element-419182e elementor-widget elementor-widget-text-editor\" data-id=\"419182e\" data-element_type=\"widget\" data-widget_type=\"text-editor.default\">\n\t\t\t\t<div class=\"elementor-widget-container\">\n\t\t\t\t\t\t\t\t\t<p><strong>Wir glauben<\/strong> an die Notwendigkeit zweier Kirchensakramente:<\/p><ol><li>die Wassertaufe, die das Sterben und das Begrabenwerden des alten Menschen und die Auferstehung zu neuem Leben symbolisiert. Sie ist die Voraussetzung f\u00fcr Nachfolge und Heiligung. Sie ist nicht heilsnotwendig, aber ein notwendiges Zeichen des Heils. Die Taufe geschehe durch vollst\u00e4ndiges Untertauchen und aufgrund einer pers\u00f6nlichen Willensentscheidung (Wir lehnen die Kindestaufe ab).<\/li><li>das Abendmahl, das den Tod und die Auferstehung Jesu Christi verk\u00fcndet.<\/li><\/ol>\t\t\t\t\t\t\t\t<\/div>\n\t\t\t\t<\/div>\n\t\t\t\t<div class=\"elementor-element elementor-element-b92eebd elementor-widget elementor-widget-text-editor\" data-id=\"b92eebd\" data-element_type=\"widget\" data-widget_type=\"text-editor.default\">\n\t\t\t\t<div class=\"elementor-widget-container\">\n\t\t\t\t\t\t\t\t\t<p><strong>Wir glauben<\/strong>, dass die Gemeinde die von Gott herausgerufene Gemeinschaft der Nachfolger Christi ist. Sie ist als der Leib Christi der Ort der Auferbauung und des gegenseitigen Dienstes. Durch die Taufe des Heiligen Geistes werden wir zum Dienst in Kraft und Autorit\u00e4t bevollm\u00e4chtigt, sodass im Einklang mit Seinem Willen auch heute noch Heilungen und Wunder geschehen.<\/p>\t\t\t\t\t\t\t\t<\/div>\n\t\t\t\t<\/div>\n\t\t\t\t<div class=\"elementor-element elementor-element-3752707 elementor-widget elementor-widget-text-editor\" data-id=\"3752707\" data-element_type=\"widget\" data-widget_type=\"text-editor.default\">\n\t\t\t\t<div class=\"elementor-widget-container\">\n\t\t\t\t\t\t\t\t\t<p><strong>Wir glauben<\/strong> an den gro\u00dfen Auftrag der Gemeinde, den Christus in Matth\u00e4us 28,18-20 zum Ausdruck gebracht hat. Durch von Gott individuell ausgeteilte Geistesgaben und die Frucht des Geistes sollen wir Zeugen der Frohen Botschaft sein und J\u00fcnger machen.<\/p>\t\t\t\t\t\t\t\t<\/div>\n\t\t\t\t<\/div>\n\t\t\t\t<div class=\"elementor-element elementor-element-8bd1e19 elementor-widget elementor-widget-text-editor\" data-id=\"8bd1e19\" data-element_type=\"widget\" data-widget_type=\"text-editor.default\">\n\t\t\t\t<div class=\"elementor-widget-container\">\n\t\t\t\t\t\t\t\t\t<p><strong>Wir glauben<\/strong> daran, dass die Heiligung ein notwendiges Produkt der \u00dcberf\u00fchrung des Heiligen Geistes, der Erkenntnis der Heiligen Schrift und der Reinigung durch das Opferblut Jesu Christi ist und in der Verantwortung jedes Gl\u00e4ubigen liegt.<\/p>\t\t\t\t\t\t\t\t<\/div>\n\t\t\t\t<\/div>\n\t\t\t\t<div class=\"elementor-element elementor-element-6a20d6b elementor-widget elementor-widget-text-editor\" data-id=\"6a20d6b\" data-element_type=\"widget\" data-widget_type=\"text-editor.default\">\n\t\t\t\t<div class=\"elementor-widget-container\">\n\t\t\t\t\t\t\t\t\t<p><strong>Wir glauben<\/strong>, dass Jesus Christus, unser Herr, Seine Gemeinde entr\u00fccken und in Kraft und Herrlichkeit wiederkommen wird &#8211; den Erretteten zum ewigen Leben und den Ungl\u00e4ubigen zum ewigen Gericht.<\/p>\t\t\t\t\t\t\t\t<\/div>\n\t\t\t\t<\/div>\n\t\t\t\t<div class=\"elementor-element elementor-element-5d2091a elementor-widget elementor-widget-spacer\" data-id=\"5d2091a\" data-element_type=\"widget\" data-widget_type=\"spacer.default\">\n\t\t\t\t<div class=\"elementor-widget-container\">\n\t\t\t\t\t\t\t<div class=\"elementor-spacer\">\n\t\t\t<div class=\"elementor-spacer-inner\"><\/div>\n\t\t<\/div>\n\t\t\t\t\t\t<\/div>\n\t\t\t\t<\/div>\n\t\t\t\t\t<\/div>\n\t\t<\/div>\n\t\t\t\t\t<\/div>\n\t\t<\/section>\n\t\t\t\t<\/div>","protected":false},"excerpt":{"rendered":"<p>\u00dcber uns Wer wir sind Wir sind die\u00a0Christusgemeinde Gottes\u00a0Wort in Bochum!\u00a0 Wir sind Gemeinde f\u00fcr die ganze Familie.\u00a0 Wir sind eine evangelisch-pfingstliche Freikirche auf biblischer Grundlage. Wir feiern gemeinsam den Glauben an Gott, integrieren ihn im Alltag und leben freundschaftliche Beziehungen.\u00a0 Wir sind eine deutsch-russisch-sprachige Gemeinde.\u00a0 Wir sind unter &#8222;Gemeinschaft Freier Christusgemeinden&#8220; als eingetragener Verein [&hellip;]<\/p>","protected":false},"author":2,"featured_media":0,"parent":0,"menu_order":0,"comment_status":"closed","ping_status":"closed","template":"elementor_header_footer","meta":{"footnotes":""},"class_list":["post-535","page","type-page","status-publish","hentry"],"yoast_head":"<!-- This site is optimized with the Yoast SEO plugin v24.8.1 - https:\/\/yoast.com\/wordpress\/plugins\/seo\/ -->\n<title>\u00dcber Uns - Christusgemeinde Gottes Wort Bochum<\/title>\n<meta name=\"robots\" content=\"index, follow, max-snippet:-1, max-image-preview:large, max-video-preview:-1\" \/>\n<link rel=\"canonical\" href=\"https:\/\/christusgemeinde-bo-nord.de\/ru\/ueber-uns\/\" \/>\n<meta property=\"og:locale\" content=\"ru_RU\" \/>\n<meta property=\"og:type\" content=\"article\" \/>\n<meta property=\"og:title\" content=\"\u00dcber Uns - Christusgemeinde Gottes Wort Bochum\" \/>\n<meta property=\"og:description\" content=\"\u00dcber uns Wer wir sind Wir sind die\u00a0Christusgemeinde Gottes\u00a0Wort in Bochum!\u00a0 Wir sind Gemeinde f\u00fcr die ganze Familie.\u00a0 Wir sind eine evangelisch-pfingstliche Freikirche auf biblischer Grundlage. Wir feiern gemeinsam den Glauben an Gott, integrieren ihn im Alltag und leben freundschaftliche Beziehungen.\u00a0 Wir sind eine deutsch-russisch-sprachige Gemeinde.\u00a0 Wir sind unter &#8222;Gemeinschaft Freier Christusgemeinden&#8220; als eingetragener Verein [&hellip;]\" \/>\n<meta property=\"og:url\" content=\"https:\/\/christusgemeinde-bo-nord.de\/ru\/ueber-uns\/\" \/>\n<meta property=\"og:site_name\" content=\"Christusgemeinde Gottes Wort Bochum\" \/>\n<meta property=\"article:publisher\" content=\"https:\/\/www.facebook.com\/Gottes.Wort.Bochum\" \/>\n<meta property=\"article:modified_time\" content=\"2025-04-02T10:36:48+00:00\" \/>\n<meta name=\"twitter:card\" content=\"summary_large_image\" \/>\n<meta name=\"twitter:label1\" content=\"\u041f\u0440\u0438\u043c\u0435\u0440\u043d\u043e\u0435 \u0432\u0440\u0435\u043c\u044f \u0434\u043b\u044f \u0447\u0442\u0435\u043d\u0438\u044f\" \/>\n\t<meta name=\"twitter:data1\" content=\"3 \u043c\u0438\u043d\u0443\u0442\u044b\" \/>\n<script type=\"application\/ld+json\" class=\"yoast-schema-graph\">{\"@context\":\"https:\/\/schema.org\",\"@graph\":[{\"@type\":\"WebPage\",\"@id\":\"https:\/\/christusgemeinde-bo-nord.de\/ueber-uns\/\",\"url\":\"https:\/\/christusgemeinde-bo-nord.de\/ueber-uns\/\",\"name\":\"\u00dcber Uns - Christusgemeinde Gottes Wort Bochum\",\"isPartOf\":{\"@id\":\"https:\/\/christusgemeinde-bo-nord.de\/#website\"},\"datePublished\":\"2023-11-21T16:03:23+00:00\",\"dateModified\":\"2025-04-02T10:36:48+00:00\",\"breadcrumb\":{\"@id\":\"https:\/\/christusgemeinde-bo-nord.de\/ueber-uns\/#breadcrumb\"},\"inLanguage\":\"ru-RU\",\"potentialAction\":[{\"@type\":\"ReadAction\",\"target\":[\"https:\/\/christusgemeinde-bo-nord.de\/ueber-uns\/\"]}]},{\"@type\":\"BreadcrumbList\",\"@id\":\"https:\/\/christusgemeinde-bo-nord.de\/ueber-uns\/#breadcrumb\",\"itemListElement\":[{\"@type\":\"ListItem\",\"position\":1,\"name\":\"Startseite\",\"item\":\"https:\/\/christusgemeinde-bo-nord.de\/\"},{\"@type\":\"ListItem\",\"position\":2,\"name\":\"\u00dcber Uns\"}]},{\"@type\":\"WebSite\",\"@id\":\"https:\/\/christusgemeinde-bo-nord.de\/#website\",\"url\":\"https:\/\/christusgemeinde-bo-nord.de\/\",\"name\":\"Christusgemeinde Gottes Wort Bochum\",\"description\":\"Christusgemeinde Bochum\",\"publisher\":{\"@id\":\"https:\/\/christusgemeinde-bo-nord.de\/#organization\"},\"potentialAction\":[{\"@type\":\"SearchAction\",\"target\":{\"@type\":\"EntryPoint\",\"urlTemplate\":\"https:\/\/christusgemeinde-bo-nord.de\/?s={search_term_string}\"},\"query-input\":{\"@type\":\"PropertyValueSpecification\",\"valueRequired\":true,\"valueName\":\"search_term_string\"}}],\"inLanguage\":\"ru-RU\"},{\"@type\":\"Organization\",\"@id\":\"https:\/\/christusgemeinde-bo-nord.de\/#organization\",\"name\":\"Christusgemeinde Gottes Wort Bochum\",\"url\":\"https:\/\/christusgemeinde-bo-nord.de\/\",\"logo\":{\"@type\":\"ImageObject\",\"inLanguage\":\"ru-RU\",\"@id\":\"https:\/\/christusgemeinde-bo-nord.de\/#\/schema\/logo\/image\/\",\"url\":\"https:\/\/christusgemeinde-bo-nord.de\/wp-content\/uploads\/2023\/01\/logo2_wh_svg_poster_.png\",\"contentUrl\":\"https:\/\/christusgemeinde-bo-nord.de\/wp-content\/uploads\/2023\/01\/logo2_wh_svg_poster_.png\",\"width\":284,\"height\":284,\"caption\":\"Christusgemeinde Gottes Wort Bochum\"},\"image\":{\"@id\":\"https:\/\/christusgemeinde-bo-nord.de\/#\/schema\/logo\/image\/\"},\"sameAs\":[\"https:\/\/www.facebook.com\/Gottes.Wort.Bochum\"]}]}<\/script>\n<!-- \/ Yoast SEO plugin. -->","yoast_head_json":{"title":"\u00dcber Uns - Christusgemeinde Gottes Wort Bochum","robots":{"index":"index","follow":"follow","max-snippet":"max-snippet:-1","max-image-preview":"max-image-preview:large","max-video-preview":"max-video-preview:-1"},"canonical":"https:\/\/christusgemeinde-bo-nord.de\/ru\/ueber-uns\/","og_locale":"ru_RU","og_type":"article","og_title":"\u00dcber Uns - Christusgemeinde Gottes Wort Bochum","og_description":"\u00dcber uns Wer wir sind Wir sind die\u00a0Christusgemeinde Gottes\u00a0Wort in Bochum!\u00a0 Wir sind Gemeinde f\u00fcr die ganze Familie.\u00a0 Wir sind eine evangelisch-pfingstliche Freikirche auf biblischer Grundlage. Wir feiern gemeinsam den Glauben an Gott, integrieren ihn im Alltag und leben freundschaftliche Beziehungen.\u00a0 Wir sind eine deutsch-russisch-sprachige Gemeinde.\u00a0 Wir sind unter &#8222;Gemeinschaft Freier Christusgemeinden&#8220; als eingetragener Verein [&hellip;]","og_url":"https:\/\/christusgemeinde-bo-nord.de\/ru\/ueber-uns\/","og_site_name":"Christusgemeinde Gottes Wort Bochum","article_publisher":"https:\/\/www.facebook.com\/Gottes.Wort.Bochum","article_modified_time":"2025-04-02T10:36:48+00:00","twitter_card":"summary_large_image","twitter_misc":{"\u041f\u0440\u0438\u043c\u0435\u0440\u043d\u043e\u0435 \u0432\u0440\u0435\u043c\u044f \u0434\u043b\u044f \u0447\u0442\u0435\u043d\u0438\u044f":"3 \u043c\u0438\u043d\u0443\u0442\u044b"},"schema":{"@context":"https:\/\/schema.org","@graph":[{"@type":"WebPage","@id":"https:\/\/christusgemeinde-bo-nord.de\/ueber-uns\/","url":"https:\/\/christusgemeinde-bo-nord.de\/ueber-uns\/","name":"\u00dcber Uns - Christusgemeinde Gottes Wort Bochum","isPartOf":{"@id":"https:\/\/christusgemeinde-bo-nord.de\/#website"},"datePublished":"2023-11-21T16:03:23+00:00","dateModified":"2025-04-02T10:36:48+00:00","breadcrumb":{"@id":"https:\/\/christusgemeinde-bo-nord.de\/ueber-uns\/#breadcrumb"},"inLanguage":"ru-RU","potentialAction":[{"@type":"ReadAction","target":["https:\/\/christusgemeinde-bo-nord.de\/ueber-uns\/"]}]},{"@type":"BreadcrumbList","@id":"https:\/\/christusgemeinde-bo-nord.de\/ueber-uns\/#breadcrumb","itemListElement":[{"@type":"ListItem","position":1,"name":"Startseite","item":"https:\/\/christusgemeinde-bo-nord.de\/"},{"@type":"ListItem","position":2,"name":"\u00dcber Uns"}]},{"@type":"WebSite","@id":"https:\/\/christusgemeinde-bo-nord.de\/#website","url":"https:\/\/christusgemeinde-bo-nord.de\/","name":"Christusgemeinde Gottes Wort Bochum","description":"Christusgemeinde Bochum","publisher":{"@id":"https:\/\/christusgemeinde-bo-nord.de\/#organization"},"potentialAction":[{"@type":"SearchAction","target":{"@type":"EntryPoint","urlTemplate":"https:\/\/christusgemeinde-bo-nord.de\/?s={search_term_string}"},"query-input":{"@type":"PropertyValueSpecification","valueRequired":true,"valueName":"search_term_string"}}],"inLanguage":"ru-RU"},{"@type":"Organization","@id":"https:\/\/christusgemeinde-bo-nord.de\/#organization","name":"Christusgemeinde Gottes Wort Bochum","url":"https:\/\/christusgemeinde-bo-nord.de\/","logo":{"@type":"ImageObject","inLanguage":"ru-RU","@id":"https:\/\/christusgemeinde-bo-nord.de\/#\/schema\/logo\/image\/","url":"https:\/\/christusgemeinde-bo-nord.de\/wp-content\/uploads\/2023\/01\/logo2_wh_svg_poster_.png","contentUrl":"https:\/\/christusgemeinde-bo-nord.de\/wp-content\/uploads\/2023\/01\/logo2_wh_svg_poster_.png","width":284,"height":284,"caption":"Christusgemeinde Gottes Wort Bochum"},"image":{"@id":"https:\/\/christusgemeinde-bo-nord.de\/#\/schema\/logo\/image\/"},"sameAs":["https:\/\/www.facebook.com\/Gottes.Wort.Bochum"]}]}},"_links":{"self":[{"href":"https:\/\/christusgemeinde-bo-nord.de\/ru\/wp-json\/wp\/v2\/pages\/535","targetHints":{"allow":["GET"]}}],"collection":[{"href":"https:\/\/christusgemeinde-bo-nord.de\/ru\/wp-json\/wp\/v2\/pages"}],"about":[{"href":"https:\/\/christusgemeinde-bo-nord.de\/ru\/wp-json\/wp\/v2\/types\/page"}],"author":[{"embeddable":true,"href":"https:\/\/christusgemeinde-bo-nord.de\/ru\/wp-json\/wp\/v2\/users\/2"}],"replies":[{"embeddable":true,"href":"https:\/\/christusgemeinde-bo-nord.de\/ru\/wp-json\/wp\/v2\/comments?post=535"}],"version-history":[{"count":111,"href":"https:\/\/christusgemeinde-bo-nord.de\/ru\/wp-json\/wp\/v2\/pages\/535\/revisions"}],"predecessor-version":[{"id":1283,"href":"https:\/\/christusgemeinde-bo-nord.de\/ru\/wp-json\/wp\/v2\/pages\/535\/revisions\/1283"}],"wp:attachment":[{"href":"https:\/\/christusgemeinde-bo-nord.de\/ru\/wp-json\/wp\/v2\/media?parent=535"}],"curies":[{"name":"wp","href":"https:\/\/api.w.org\/{rel}","templated":true}]}}